{"id":32,"date":"2026-02-03T10:37:12","date_gmt":"2026-02-03T10:37:12","guid":{"rendered":"https:\/\/silvialopez.fpcei.eu\/?page_id=32"},"modified":"2026-03-03T12:38:37","modified_gmt":"2026-03-03T12:38:37","slug":"page-1","status":"publish","type":"page","link":"https:\/\/silvialopez.fpcei.eu\/?page_id=32","title":{"rendered":"Ofertas"},"content":{"rendered":"\n<ul class=\"wp-block-list\">\n<li>Viajes en familia <\/li>\n<\/ul>\n\n\n\n<figure class=\"wp-block-image\"><img decoding=\"async\" src=\"https:\/\/www.escuelacantabradesurf.com\/wp-content\/uploads\/2023\/01\/DSC_0741-scaled.jpg\" alt=\"\"\/><\/figure>\n\n\n\n<h2 class=\"wp-block-heading\">Surfea en Familia<\/h2>\n\n\n\n<p>\u00bfQuieres venirte a surfear con tu familia y disfrutar de las mejores actividades de Cantabria? Desde Pepe el Pollo Surf School hemos preparado las mejores ofertas de surf para familias. Llevamos desde 1991 trabajando con familias de todo tipo, con muy buenos resultados y siempre ofreciendo la misma profesionalidad y calidad en nuestras clases. Manteniendo los ratios m\u00e1s cortos instructor- alumnos para garantizar el mejor aprendizaje, la diversi\u00f3n y seguridad en nuestras clases.<\/p>\n\n\n\n<p>Si est\u00e1s pensando en escaparte a surfear con toda tu familia, y aprovechar para disfrutar de todo lo que te ofrece Cantabria Infinita\u2026no busques m\u00e1s. En nuestra escuela de surf y agencia de viajes, tenemos los mejores paquetes para familias, en la playa de Somo, Cantabria  <\/p>\n\n\n\n<div data-wp-context=\"{ &quot;autoclose&quot;: false, &quot;accordionItems&quot;: [] }\" data-wp-interactive=\"core\/accordion\" role=\"group\" class=\"wp-block-accordion is-layout-flow wp-block-accordion-is-layout-flow\">\n<div data-wp-class--is-open=\"state.isOpen\" data-wp-context=\"{ &quot;id&quot;: &quot;accordion-item-1&quot;, &quot;openByDefault&quot;: false }\" data-wp-init=\"callbacks.initAccordionItems\" data-wp-on-window--hashchange=\"callbacks.hashChange\" class=\"wp-block-accordion-item is-layout-flow wp-block-accordion-item-is-layout-flow\">\n<h3 class=\"wp-block-accordion-heading\"><button aria-expanded=\"false\" aria-controls=\"accordion-item-1-panel\" data-wp-bind--aria-expanded=\"state.isOpen\" data-wp-on--click=\"actions.toggle\" data-wp-on--keydown=\"actions.handleKeyDown\" id=\"accordion-item-1\" type=\"button\" class=\"wp-block-accordion-heading__toggle\"><span class=\"wp-block-accordion-heading__toggle-title\">Experiencias <\/span><span class=\"wp-block-accordion-heading__toggle-icon\" aria-hidden=\"true\">+<\/span><\/button><\/h3>\n\n\n\n<div inert aria-labelledby=\"accordion-item-1\" data-wp-bind--inert=\"!state.isOpen\" id=\"accordion-item-1-panel\" role=\"region\" class=\"wp-block-accordion-panel is-layout-flow wp-block-accordion-panel-is-layout-flow\">\n<figure class=\"wp-block-image is-resized\"><img decoding=\"async\" src=\"https:\/\/www.escuelacantabradesurf.com\/wp-content\/uploads\/2023\/04\/34303121-624x380-1.jpg\" alt=\"\" style=\"aspect-ratio:1.6422601136743564;width:396px;height:auto\"\/><\/figure>\n\n\n\n<p><strong>SURF &amp; NATURE<\/strong><\/p>\n\n\n\n<p>Incluye 2 clases de surf + Entrada al Parque de la naturaleza de Cab\u00e1rceno.<\/p>\n\n\n\n<p>Precio desde 76\u20ac<\/p>\n\n\n\n<div class=\"wp-block-buttons is-layout-flex wp-block-buttons-is-layout-flex\">\n<div class=\"wp-block-button\"><a class=\"wp-block-button__link wp-element-button\" href=\"file:\/\/\/C:\/Users\/anade\/Downloads\/Finalizar%20Reserva.pdf\">Reserva ya <\/a><\/div>\n<\/div>\n\n\n\n<figure class=\"wp-block-image is-resized\"><img decoding=\"async\" src=\"https:\/\/www.escuelacantabradesurf.com\/wp-content\/uploads\/2023\/04\/cueva-el-soplao2-678x381-1.jpg\" alt=\"\" style=\"width:324px;height:auto\"\/><\/figure>\n\n\n\n<p><strong>SURF &amp; ADVENTURE<\/strong><\/p>\n\n\n\n<p>Incluye 2 clases de surf + 1 traves\u00eda en familia en paddle surf + Visita a las cuevas del Soplao.<\/p>\n\n\n\n<p>Precio desde 126.50\u20ac <\/p>\n\n\n\n<div class=\"wp-block-buttons is-layout-flex wp-block-buttons-is-layout-flex\">\n<div class=\"wp-block-button\"><a class=\"wp-block-button__link wp-element-button\" href=\"file:\/\/\/C:\/Users\/anade\/Downloads\/Finalizar%20Reserva.pdf\">reserva ya <\/a><\/div>\n<\/div>\n\n\n\n<figure class=\"wp-block-image is-resized\"><img decoding=\"async\" src=\"https:\/\/www.escuelacantabradesurf.com\/wp-content\/uploads\/2023\/04\/capricho-0170_1_4288-160440546522519.jpeg\" alt=\"\" style=\"aspect-ratio:1.5000146485805526;width:362px;height:auto\"\/><\/figure>\n\n\n\n<p><strong>SURF &amp; CULTURE<\/strong><\/p>\n\n\n\n<p>Incluye 2 clases de surf + Visita al Capricho de Gaud\u00ed + City tour por Santander.<\/p>\n\n\n\n<p>Precio desde 82\u20ac<\/p>\n\n\n\n<div class=\"wp-block-buttons is-layout-flex wp-block-buttons-is-layout-flex\">\n<div class=\"wp-block-button\"><a class=\"wp-block-button__link wp-element-button\" href=\"file:\/\/\/C:\/Users\/anade\/Downloads\/Finalizar%20Reserva.pdf\">reserva ya <\/a><\/div>\n<\/div>\n<\/div>\n<\/div>\n<\/div>\n\n\n\n<ul class=\"wp-block-list\">\n<li>Grupos y colegios <\/li>\n<\/ul>\n\n\n\n<figure class=\"wp-block-image\"><img decoding=\"async\" src=\"https:\/\/www.escuelacantabradesurf.com\/wp-content\/uploads\/2022\/04\/Surf-Roxy-1.jpg\" alt=\"Surf Iniciacion\"\/><\/figure>\n\n\n\n<h2 class=\"wp-block-heading\">Surf para Grupos<\/h2>\n\n\n\n<p>\u00bfEst\u00e1s buscando actividades para grupos? Desde Pepe el Pollo Surf School hemos preparado las mejores ofertas de surf para grupos grandes. Llevamos desde 1991 trabajando con grupos grandes, tanto adultos como ni\u00f1os, con muy buenos resultados y siempre ofreciendo la misma profesionalidad y calidad en nuestras clases. Manteniendo los ratios m\u00e1s cortos instructor- alumnos para garantizar el mejor aprendizaje, la diversi\u00f3n y seguridad en nuestras clases.<\/p>\n\n\n\n<p>Si est\u00e1s pensando en escaparte a surfear con un grupo de amigos, est\u00e1s planeando una despedida de soltero, el pr\u00f3ximo viaje de fin de curso de tu colegio, instituto, universidad, quieres organizar un team building para tu empresa, eres un gimnasio, asociaci\u00f3n deportiva\u2026no busques m\u00e1s. En nuestra escuela de surf y agencia de viajes, tenemos las mejores ofertas de surf para grupos grandes, en la playa de Somo, Cantabria.<\/p>\n\n\n\n<div data-wp-context=\"{ &quot;autoclose&quot;: false, &quot;accordionItems&quot;: [] }\" data-wp-interactive=\"core\/accordion\" role=\"group\" class=\"wp-block-accordion is-layout-flow wp-block-accordion-is-layout-flow\">\n<div data-wp-class--is-open=\"state.isOpen\" data-wp-context=\"{ &quot;id&quot;: &quot;accordion-item-2&quot;, &quot;openByDefault&quot;: false }\" data-wp-init=\"callbacks.initAccordionItems\" data-wp-on-window--hashchange=\"callbacks.hashChange\" class=\"wp-block-accordion-item is-layout-flow wp-block-accordion-item-is-layout-flow\">\n<h3 class=\"wp-block-accordion-heading\"><button aria-expanded=\"false\" aria-controls=\"accordion-item-2-panel\" data-wp-bind--aria-expanded=\"state.isOpen\" data-wp-on--click=\"actions.toggle\" data-wp-on--keydown=\"actions.handleKeyDown\" id=\"accordion-item-2\" type=\"button\" class=\"wp-block-accordion-heading__toggle\"><span class=\"wp-block-accordion-heading__toggle-title\">Ofertas <\/span><span class=\"wp-block-accordion-heading__toggle-icon\" aria-hidden=\"true\">+<\/span><\/button><\/h3>\n\n\n\n<div inert aria-labelledby=\"accordion-item-2\" data-wp-bind--inert=\"!state.isOpen\" id=\"accordion-item-2-panel\" role=\"region\" class=\"wp-block-accordion-panel is-layout-flow wp-block-accordion-panel-is-layout-flow\">\n<figure class=\"wp-block-image is-resized\"><img decoding=\"async\" src=\"https:\/\/www.escuelacantabradesurf.com\/wp-content\/uploads\/2022\/04\/Bonos-Grupos.jpg\" alt=\"\" style=\"aspect-ratio:0.6660008788399313;width:165px;height:auto\"\/><\/figure>\n\n\n\n<p><strong>OFERTAS SURF PARA GRUPOS<\/strong><\/p>\n\n\n\n<p>Los mejores precios para surfear en grupo. Recomendado para grupos de amigos, despedidas de soltero, cumplea\u00f1os, gimnasios\u2026<\/p>\n\n\n\n<div class=\"wp-block-buttons is-layout-flex wp-block-buttons-is-layout-flex\">\n<div class=\"wp-block-button\"><a class=\"wp-block-button__link wp-element-button\" href=\"file:\/\/\/C:\/Users\/anade\/Downloads\/Finalizar%20Reserva.pdf\">reserva ya <\/a><\/div>\n<\/div>\n\n\n\n<figure class=\"wp-block-image is-resized\"><img decoding=\"async\" src=\"https:\/\/www.escuelacantabradesurf.com\/wp-content\/uploads\/2022\/04\/surf-school-somo.jpg\" alt=\"Ofertas surf\" style=\"aspect-ratio:1.5000264536267922;width:365px;height:auto\"\/><\/figure>\n\n\n\n<p><strong>OFERTAS SURF PARA COLEGIOS<\/strong><\/p>\n\n\n\n<p>Somos&nbsp;<strong>especialistas en grupos de escolares<\/strong>. Te damos los mejores precios para que vengas a surfear con tu colegio.&nbsp; Todo el material est\u00e1 incluido as\u00ed que solo ten\u00e9is que venir a disfrutar. P\u00eddenos informaci\u00f3n sin compromiso.<\/p>\n\n\n\n<div class=\"wp-block-buttons is-layout-flex wp-block-buttons-is-layout-flex\">\n<div class=\"wp-block-button\"><a class=\"wp-block-button__link wp-element-button\" href=\"file:\/\/\/C:\/Users\/anade\/Downloads\/Finalizar%20Reserva.pdf\">p\u00eddenos presupuesto <\/a><\/div>\n<\/div>\n<\/div>\n<\/div>\n<\/div>\n\n\n\n<p><\/p>\n","protected":false},"excerpt":{"rendered":"<p>Surfea en Familia \u00bfQuieres venirte a surfear con tu familia y disfrutar de las mejores actividades de Cantabria? Desde Pepe el Pollo Surf School hemos preparado las mejores ofertas de surf para familias. Llevamos desde 1991 trabajando con familias de todo tipo, con muy buenos resultados y siempre ofreciendo la misma profesionalidad y calidad en [&hellip;]<\/p>\n","protected":false},"author":2,"featured_media":0,"parent":0,"menu_order":0,"comment_status":"closed","ping_status":"closed","template":"","meta":{"footnotes":""},"class_list":["post-32","page","type-page","status-publish","hentry"],"_links":{"self":[{"href":"https:\/\/silvialopez.fpcei.eu\/index.php?rest_route=\/wp\/v2\/pages\/32","targetHints":{"allow":["GET"]}}],"collection":[{"href":"https:\/\/silvialopez.fpcei.eu\/index.php?rest_route=\/wp\/v2\/pages"}],"about":[{"href":"https:\/\/silvialopez.fpcei.eu\/index.php?rest_route=\/wp\/v2\/types\/page"}],"author":[{"embeddable":true,"href":"https:\/\/silvialopez.fpcei.eu\/index.php?rest_route=\/wp\/v2\/users\/2"}],"replies":[{"embeddable":true,"href":"https:\/\/silvialopez.fpcei.eu\/index.php?rest_route=%2Fwp%2Fv2%2Fcomments&post=32"}],"version-history":[{"count":4,"href":"https:\/\/silvialopez.fpcei.eu\/index.php?rest_route=\/wp\/v2\/pages\/32\/revisions"}],"predecessor-version":[{"id":173,"href":"https:\/\/silvialopez.fpcei.eu\/index.php?rest_route=\/wp\/v2\/pages\/32\/revisions\/173"}],"wp:attachment":[{"href":"https:\/\/silvialopez.fpcei.eu\/index.php?rest_route=%2Fwp%2Fv2%2Fmedia&parent=32"}],"curies":[{"name":"wp","href":"https:\/\/api.w.org\/{rel}","templated":true}]}}