{"id":37,"date":"2026-02-03T10:31:33","date_gmt":"2026-02-03T10:31:33","guid":{"rendered":"https:\/\/silvialopez.fpcei.eu\/?page_id=37"},"modified":"2026-02-27T01:52:36","modified_gmt":"2026-02-27T01:52:36","slug":"surfcamps-verano","status":"publish","type":"page","link":"https:\/\/silvialopez.fpcei.eu\/?page_id=37","title":{"rendered":"La escuela"},"content":{"rendered":"\n<h2 class=\"wp-block-heading has-text-align-center\">\u00bfQui\u00e9nes somos? <\/h2>\n\n\n\n<p>Pepe el Pollo Surf School se encuentra entre las mejores escuelas de surf de Europa. Primera escuela de surf de Espa\u00f1a, con m\u00e1s de 32 a\u00f1os de experiencia, es una de las escuelas de surf m\u00e1s reconocidas y prestigiosas del mundo. Dirigida por surfers de verdad, que aman el surf y sabr\u00e1n transmitirte la esencia del surfing desde el primer d\u00eda.<\/p>\n\n\n\n<p>Somos pioneros en la ense\u00f1anza del surf en Espa\u00f1a. Una bonita historia que empez\u00f3 en 1991 en la playa de Somo, Cantabria. Nuestro amor por el surfing nos ha hecho compartir nuestra pasi\u00f3n a miles de alumnos. Una gran familia, de la que esperamos formes parte muy pronto.<\/p>\n\n\n\n<h3 class=\"wp-block-heading\"><strong>Capi y team <\/strong><\/h3>\n\n\n\n<figure class=\"wp-block-image is-resized\"><img decoding=\"async\" src=\"https:\/\/www.escuelacantabradesurf.com\/wp-content\/uploads\/2022\/03\/The-Captain_resize.jpg\" alt=\"Surf Somo\" style=\"aspect-ratio:1.5000146485805526;width:579px;height:auto\"\/><\/figure>\n\n\n\n<p>David \u201cCapi\u201d Garc\u00eda, director y fundador de Pepe el Pollo Surf School , desde 1991, comenz\u00f3 a surfear con apenas 7 a\u00f1os, cuando su padre le empuj\u00f3 sobre una ola, en la playa de Somo, Cantabria. Esa primera ola cambiar\u00eda su vida para siempre y posteriormente las vidas de muchos que se han iniciado en esta escuela de surf pionera.<\/p>\n\n\n\n<p>Campe\u00f3n de Espa\u00f1a y Cantabria de surf. Muchos a\u00f1os en el top europeo de competici\u00f3n, toda una vida dedicada al surf y actualmente instructor y free surfer. Durante m\u00e1s de 42 a\u00f1os, ha surfeado, competido y viajado por todo el mundo.<\/p>\n\n\n\n<p>Los \u00faltimos 32 a\u00f1os de su vida ha estado centrado en la instrucci\u00f3n y direcci\u00f3n de Pepe el Pollo Surf School. Ahora quiere compartir sus conocimientos y el amor y respeto que siente por el oc\u00e9ano contigo y ense\u00f1ar a todo el mundo la magia y la experiencia del surfing.<\/p>\n\n\n\n<h2 class=\"wp-block-heading\">Supercrew &#8211; Instructores<\/h2>\n\n\n\n<p>Disponemos de los monitores de surf m\u00e1s experimentados y profesionales, con titulaci\u00f3n y experiencia nacional e internacional, entre ellos, especialistas en salvamento y socorrismo, para que disfrutes a tope desde el primer d\u00eda y con total seguridad.<\/p>\n\n\n\n<p>Surfea con nosotros y ven a conocernos\u2026Pasar\u00e1s momentos inolvidables llenos de acci\u00f3n y emociones fuertes.<\/p>\n\n\n\n<details class=\"wp-block-details is-layout-flow wp-block-details-is-layout-flow\"><summary><strong>\u00bfPor qu\u00e9 nuestros instructores? <\/strong><\/summary>\n<p><\/p>\n\n\n\n<h3 class=\"wp-block-heading\">Aprende con los mejores<\/h3>\n\n\n\n<p>Pepe el Polo Surf School cuenta con los instructores de surf m\u00e1s experimentados y cualificados, con titulaci\u00f3n y experiencia nacional e internacional. Especialistas en salvamento y socorrismo, para que disfrutes a tope y con total seguridad. Surfers de verdad que sabr\u00e1n trasmitirte la esencia del surf desde el primer d\u00eda. Surfea con nosotros y ven a conocernos\u2026 Pasaras momentos inolvidables llenos de acci\u00f3n y emociones fuertes. Diversi\u00f3n garantizada.<\/p>\n\n\n\n<h3 class=\"wp-block-heading\">Monitores titulados<\/h3>\n\n\n\n<p>Todos nuestros instructores son t\u00e9cnicos deportivos TD1 o TD2 por la federaci\u00f3n espa\u00f1ola de surf y todos nuestros monitores de tiempo libre cuentan con la titulaci\u00f3n exigida por el Gobierno de Cantabria. Pepe el Pollo Surf School es escuela de surf oficial Quiksilver y Roxy y est\u00e1 homologada por la Federaci\u00f3n Europea de Surf, International Surfing Association (ISA), Federaci\u00f3n Espa\u00f1ola de Surf (FES), Federaci\u00f3n C\u00e1ntabra de Surf (FCS), Escuela oficial del Ayuntamiento Ribamont\u00e1n al Mar, Sello Turismo Bah\u00eda Santander, miembro Asociaci\u00f3n de Escuelas y Surfistas Profesionales (AESP), entre otros muchos sellos de calidad.<\/p>\n\n\n\n<h3 class=\"wp-block-heading\">M\u00e1xima experiencia<\/h3>\n\n\n\n<p>M\u00e1s de 33 a\u00f1os de experiencia en la ense\u00f1anza del surf. Desde su fundaci\u00f3n en 1991, por David \u201cCapi\u201d Garcia, en la playa de Somo, Cantabria, han pasado por la escuela miles de alumnos, que han hecho mejorar y perfeccionar nuestra metodolog\u00eda. Durante todos estos a\u00f1os, monitores nacionales e internacionales han colaborado con la escuela, impregn\u00e1ndola de la experiencia y profesionalidad que actualmente tiene y convirti\u00e9ndola en una de las escuelas m\u00e1s prestigiosas del mundo.<\/p>\n\n\n\n<h3 class=\"wp-block-heading\">Amor por el surfing<\/h3>\n\n\n\n<p>Y eso se nota en nuestras clases. Las risas y la diversi\u00f3n est\u00e1n garantizadas y tanto si empiezas a surfear, como si quieres mejorar tu surfing, tenemos perfiles muy variados dentro del staff de instructores que seguro conectan con lo que andas buscando en una clase de surf: Cercan\u00eda, profesionalidad, seguridad, didactica, psicologia, experiencia y diversi\u00f3n.<br>Todo es mucho m\u00e1s f\u00e1cil cuando amas lo que haces y eso se nota en nuestro equipo.<\/p>\n<\/details>\n\n\n\n<details class=\"wp-block-details is-layout-flow wp-block-details-is-layout-flow\"><summary>Conoce a nuestros instructores <\/summary>\n<p><\/p>\n\n\n\n<figure class=\"wp-block-image is-resized\"><img decoding=\"async\" src=\"https:\/\/www.escuelacantabradesurf.com\/wp-content\/uploads\/2024\/06\/adri2.jpg\" alt=\"Skate Girl\" style=\"aspect-ratio:0.86550399054094;width:254px;height:auto\"\/><\/figure>\n\n\n\n<p>Adriana<\/p>\n\n\n\n<p>Sweet Adri &#8211; Flow &amp; Style &nbsp;<\/p>\n\n\n\n<figure class=\"wp-block-image is-resized\"><img decoding=\"async\" src=\"https:\/\/www.escuelacantabradesurf.com\/wp-content\/uploads\/2022\/03\/Alejandra-A-Portada_resize.jpeg\" alt=\"Somo surf club\" style=\"aspect-ratio:0.7500073242902763;width:199px;height:auto\"\/><\/figure>\n\n\n\n<p>Alejandra<\/p>\n\n\n\n<p>Una warrior de los deportes extremos. Amor y pasi\u00f3n.&nbsp;<\/p>\n\n\n\n<figure class=\"wp-block-image is-resized\"><img decoding=\"async\" src=\"https:\/\/www.escuelacantabradesurf.com\/wp-content\/uploads\/2024\/06\/A40C7937-1C03-4F88-9E33-16D1C4B8A7E8-scaled.jpeg\" alt=\"Surf Somo\" style=\"width:379px;height:auto\"\/><\/figure>\n\n\n\n<p>Alex Sancho<\/p>\n\n\n\n<p>Youn Gun y gran surfer local<\/p>\n\n\n\n<figure class=\"wp-block-image is-resized\"><img decoding=\"async\" src=\"https:\/\/www.escuelacantabradesurf.com\/wp-content\/uploads\/2022\/03\/Alex-A-Portada_resize.jpg\" alt=\"\" style=\"aspect-ratio:1.5000146485805526;width:387px;height:auto\"\/><\/figure>\n\n\n\n<p>Alex<\/p>\n\n\n\n<p>Director del camp menores y a\u00f1os de experiencia.<\/p>\n\n\n\n<figure class=\"wp-block-image is-resized\"><img decoding=\"async\" src=\"https:\/\/www.escuelacantabradesurf.com\/wp-content\/uploads\/2022\/03\/Alvaro-A-Portada_resize.jpg\" alt=\"Teaching Surfing\" style=\"aspect-ratio:1.5000146485805526;width:426px;height:auto\"\/><\/figure>\n\n\n\n<p>Alvaro<\/p>\n\n\n\n<p>El rey de los partes de olas. Por y para el surfing.<\/p>\n\n\n\n<figure class=\"wp-block-image is-resized\"><img decoding=\"async\" src=\"https:\/\/www.escuelacantabradesurf.com\/wp-content\/uploads\/2022\/03\/Angelica-A-Portada_resize.jpg\" alt=\"Kelly Slater\" style=\"aspect-ratio:1.1034244951617422;width:388px;height:auto\"\/><\/figure>\n\n\n\n<p>Angelica<\/p>\n\n\n\n<p>Sweet Angie. Puro amor y buena energ\u00eda.<\/p>\n\n\n\n<figure class=\"wp-block-image is-resized\"><img decoding=\"async\" src=\"https:\/\/www.escuelacantabradesurf.com\/wp-content\/uploads\/2022\/03\/Anna-A-Portada_resize.jpg\" alt=\"Somo Longboard\" style=\"width:389px;height:auto\"\/><\/figure>\n\n\n\n<p>Anna<\/p>\n\n\n\n<p>&nbsp;Italian Power. Classic style and beautiful smile.<\/p>\n\n\n\n<figure class=\"wp-block-image is-resized\"><img decoding=\"async\" src=\"https:\/\/www.escuelacantabradesurf.com\/wp-content\/uploads\/2022\/03\/Borja-A-Portada_resize.jpg\" alt=\"Surfers in Somo\" style=\"aspect-ratio:1.9016490863170405;width:432px;height:auto\"\/><\/figure>\n\n\n\n<p>Borja<\/p>\n\n\n\n<p>Jedi del surfing y lobo de mar. Gran surf coach.<\/p>\n\n\n\n<figure class=\"wp-block-image is-resized\"><img decoding=\"async\" src=\"https:\/\/www.escuelacantabradesurf.com\/wp-content\/uploads\/2022\/03\/chepi-2_resize.jpg\" alt=\"waves somo\" style=\"aspect-ratio:1.4953985896976216;width:428px;height:auto\"\/><\/figure>\n\n\n\n<p>Chepi<\/p>\n\n\n\n<p>Risas aseguradas. Ama lo que hace y lo transmite.<\/p>\n<\/details>\n\n\n\n<h2 class=\"wp-block-heading has-text-align-center\">\u00bfPor qu\u00e9 ir Pepe el Pollo Surf School? <\/h2>\n\n\n\n<p>DESCUBRE LA MAGIA DEL SURFING CON LA PRIMERA ESCUELA DE SURF DE ESPA\u00d1A.<br>ESCUELA OFICIAL QUIKSILVER &amp; ROXY<\/p>\n\n\n\n<h3 class=\"wp-block-heading\">Aprende con los mejores<\/h3>\n\n\n\n<p>Disponemos de los monitores m\u00e1s experimentados y profesionales, con titulaci\u00f3n homologada por la Federaci\u00f3n Europea y Espa\u00f1ola de Surf y experiencia nacional e internacional, entre ellos, especialistas en salvamento y socorrismo, para que disfrutes a tope desde el primer d\u00eda, pero con total seguridad. Diversi\u00f3n Garantizada.<\/p>\n\n\n\n<h3 class=\"wp-block-heading\">Escuela de surf t\u00edtulada<\/h3>\n\n\n\n<p>Escuela de surf t\u00edtulada por la Federaci\u00f3n Europea de Surf, International Surfing Association (ISA), Federaci\u00f3n Espa\u00f1ola de Surf (FES), Federaci\u00f3n C\u00e1ntabra de Surf (FCS), Escuela oficial del Ayuntamiento Ribamont\u00e1n al Mar, Sello Turismo Bah\u00eda Santander, miembro Asociaci\u00f3n de Escuelas y Surfistas Profesionales (AESP), entre otros muchos sellos de calidad.<\/p>\n\n\n\n<h3 class=\"wp-block-heading\">M\u00e1xima experiencia<\/h3>\n\n\n\n<p>M\u00e1s de 34 a\u00f1os de experiencia en la ense\u00f1anza del surf. Desde su fundaci\u00f3n, en 1991, en la playa de Somo, Cantabria, han pasado por la escuela miles de alumnos, que han hecho mejorar y perfeccionar nuestra metodolog\u00eda. Durante todos estos a\u00f1os, monitores nacionales e internacionales han colaborado con la escuela, impregn\u00e1ndola de la experiencia y profesionalidad que actualmente tiene.<\/p>\n\n\n\n<h3 class=\"wp-block-heading\">Grupos Reducidos<\/h3>\n\n\n\n<p>Aprende de una forma r\u00e1pida, f\u00e1cil, segura y divertida. M\u00e1xima calidad y profesionalidad con el ratio alumno-instructor m\u00e1s corto. Separamos las clases por edades y por niveles homog\u00e9neos, para que disfrutes tus clases de surf desde el primer d\u00eda y con total seguridad. Todas las edades. A partir de los 5 a\u00f1os\u2026 El l\u00edmite lo pones T\u00da.<\/p>\n\n\n\n<h3 class=\"wp-block-heading\">Todo incluido<\/h3>\n\n\n\n<p>Todo el material incluido en las clases. El mejor material. Nuevas y amplias instalaciones a pie de playa en Somo, dentro de la primera reserva de surf de Espa\u00f1a. Posibilidad de alquiler de material con precios especiales para clientes. Tenemos surf shop.<\/p>\n\n\n\n<h3 class=\"wp-block-heading\">M\u00e1xima flexibilidad<\/h3>\n\n\n\n<p>Surf Camps y entrenamientos personalizados. Preguntar por otras modalidades de cursos, d\u00edas, horarios\u2026etc. FLEXIBILIDAD. Clases y Camps a la carta. Distintas opciones de alojamiento para nuestros alumnos. Clases particulares, ni\u00f1@s, adultos, grupos, familias, parejas, team building, despedidos de solter@s, colegios, universidades\u2026<\/p>\n\n\n\n<div data-wp-interactive=\"core\/file\" class=\"wp-block-file\"><object data-wp-bind--hidden=\"!state.hasPdfPreview\" hidden class=\"wp-block-file__embed\" data=\"https:\/\/silvialopez.fpcei.eu\/wp-content\/uploads\/2026\/02\/Nuestra-historia-1-1.pdf\" type=\"application\/pdf\" style=\"width:100%;height:540px\" aria-label=\"Incrustado de Nuestra historia.\"><\/object><a id=\"wp-block-file--media-4c9855d2-9012-4291-afd1-2e708097b80e\" href=\"https:\/\/silvialopez.fpcei.eu\/wp-content\/uploads\/2026\/02\/Nuestra-historia-1-1.pdf\">Nuestra historia<\/a><a href=\"https:\/\/silvialopez.fpcei.eu\/wp-content\/uploads\/2026\/02\/Nuestra-historia-1-1.pdf\" class=\"wp-block-file__button wp-element-button\" download aria-describedby=\"wp-block-file--media-4c9855d2-9012-4291-afd1-2e708097b80e\">Descarga<\/a><\/div>\n\n\n\n<p><\/p>\n","protected":false},"excerpt":{"rendered":"<p>\u00bfQui\u00e9nes somos? Pepe el Pollo Surf School se encuentra entre las mejores escuelas de surf de Europa. Primera escuela de surf de Espa\u00f1a, con m\u00e1s de 32 a\u00f1os de experiencia, es una de las escuelas de surf m\u00e1s reconocidas y prestigiosas del mundo. Dirigida por surfers de verdad, que aman el surf y sabr\u00e1n transmitirte [&hellip;]<\/p>\n","protected":false},"author":2,"featured_media":0,"parent":0,"menu_order":0,"comment_status":"closed","ping_status":"closed","template":"","meta":{"footnotes":""},"class_list":["post-37","page","type-page","status-publish","hentry"],"_links":{"self":[{"href":"https:\/\/silvialopez.fpcei.eu\/index.php?rest_route=\/wp\/v2\/pages\/37","targetHints":{"allow":["GET"]}}],"collection":[{"href":"https:\/\/silvialopez.fpcei.eu\/index.php?rest_route=\/wp\/v2\/pages"}],"about":[{"href":"https:\/\/silvialopez.fpcei.eu\/index.php?rest_route=\/wp\/v2\/types\/page"}],"author":[{"embeddable":true,"href":"https:\/\/silvialopez.fpcei.eu\/index.php?rest_route=\/wp\/v2\/users\/2"}],"replies":[{"embeddable":true,"href":"https:\/\/silvialopez.fpcei.eu\/index.php?rest_route=%2Fwp%2Fv2%2Fcomments&post=37"}],"version-history":[{"count":3,"href":"https:\/\/silvialopez.fpcei.eu\/index.php?rest_route=\/wp\/v2\/pages\/37\/revisions"}],"predecessor-version":[{"id":170,"href":"https:\/\/silvialopez.fpcei.eu\/index.php?rest_route=\/wp\/v2\/pages\/37\/revisions\/170"}],"wp:attachment":[{"href":"https:\/\/silvialopez.fpcei.eu\/index.php?rest_route=%2Fwp%2Fv2%2Fmedia&parent=37"}],"curies":[{"name":"wp","href":"https:\/\/api.w.org\/{rel}","templated":true}]}}